{"id":7,"date":"2023-08-01T15:10:03","date_gmt":"2023-08-01T13:10:03","guid":{"rendered":"http:\/\/recyclmp.fr\/?page_id=7"},"modified":"2024-10-05T12:12:45","modified_gmt":"2024-10-05T10:12:45","slug":"accueil","status":"publish","type":"page","link":"https:\/\/recyclmp.fr\/","title":{"rendered":"Accueil"},"content":{"rendered":"\n<p>Recycl&rsquo;mp est une soci\u00e9t\u00e9 sp\u00e9cialis\u00e9e depuis plus de 15 ans dans l&rsquo;analyse et le rachat des m\u00e9taux pr\u00e9cieux (or, argent, platine et palladium), qu&rsquo;il s&rsquo;agisse de d\u00e9chets dentaires (comme les couronnes dentaires), de bijoux, de pi\u00e8ces ou de lingots.<\/p>\n\n\n\n<p>L&rsquo;analyse, toujours gratuite, peut se faire sur rendez-vous (<a href=\"http:\/\/recyclmp.fr\/index.php\/contact\/\" data-type=\"page\" data-id=\"10\">merci de prendre contact<\/a>) au bureau situ\u00e9 \u00e0 Metz ou sur place (au cabinet dentaire par exemple) en France, en Belgique, en Allemagne et au Luxembourg.<\/p>\n\n\n\n<p>Nous garantissons une analyse fiable et pr\u00e9cise gr\u00e2ce au spectrom\u00e8tre.<\/p>\n\n\n\n<figure class=\"wp-block-image size-full\"><img loading=\"lazy\" decoding=\"async\" width=\"900\" height=\"639\" src=\"http:\/\/recyclmp.fr\/wp-content\/uploads\/2023\/08\/analyseur-spectro-portable-metaux-rapide.png\" alt=\"\" class=\"wp-image-43\" srcset=\"https:\/\/recyclmp.fr\/wp-content\/uploads\/2023\/08\/analyseur-spectro-portable-metaux-rapide.png 900w, https:\/\/recyclmp.fr\/wp-content\/uploads\/2023\/08\/analyseur-spectro-portable-metaux-rapide-300x213.png 300w, https:\/\/recyclmp.fr\/wp-content\/uploads\/2023\/08\/analyseur-spectro-portable-metaux-rapide-768x545.png 768w, https:\/\/recyclmp.fr\/wp-content\/uploads\/2023\/08\/analyseur-spectro-portable-metaux-rapide-423x300.png 423w\" sizes=\"auto, (max-width: 900px) 100vw, 900px\" \/><\/figure>\n\n\n\n<p><\/p>\n\n\n\n<p><\/p>\n\n\n\n<figure class=\"wp-block-image size-full\"><img loading=\"lazy\" decoding=\"async\" width=\"750\" height=\"972\" src=\"http:\/\/recyclmp.fr\/wp-content\/uploads\/2023\/08\/recyclmp-assistantes-dentaires-recyclage-dechets-dentaires-or-argent.png\" alt=\"\" class=\"wp-image-44\" srcset=\"https:\/\/recyclmp.fr\/wp-content\/uploads\/2023\/08\/recyclmp-assistantes-dentaires-recyclage-dechets-dentaires-or-argent.png 750w, https:\/\/recyclmp.fr\/wp-content\/uploads\/2023\/08\/recyclmp-assistantes-dentaires-recyclage-dechets-dentaires-or-argent-231x300.png 231w\" sizes=\"auto, (max-width: 750px) 100vw, 750px\" \/><\/figure>\n","protected":false},"excerpt":{"rendered":"<p>Recycl&rsquo;mp est une soci\u00e9t\u00e9 sp\u00e9cialis\u00e9e depuis plus de 15 ans dans l&rsquo;analyse et le rachat des m\u00e9taux pr\u00e9cieux (or, argent, platine et palladium), qu&rsquo;il s&rsquo;agisse de d\u00e9chets dentaires (comme les couronnes dentaires), de bijoux, de pi\u00e8ces ou de lingots. L&rsquo;analyse, &hellip; <a href=\"https:\/\/recyclmp.fr\/\">Continuer la lecture <span class=\"meta-nav\">&rarr;<\/span><\/a><\/p>\n","protected":false},"author":1,"featured_media":0,"parent":0,"menu_order":0,"comment_status":"closed","ping_status":"closed","template":"page-templates\/business.php","meta":{"footnotes":""},"class_list":["post-7","page","type-page","status-publish","hentry"],"_links":{"self":[{"href":"https:\/\/recyclmp.fr\/index.php\/wp-json\/wp\/v2\/pages\/7","targetHints":{"allow":["GET"]}}],"collection":[{"href":"https:\/\/recyclmp.fr\/index.php\/wp-json\/wp\/v2\/pages"}],"about":[{"href":"https:\/\/recyclmp.fr\/index.php\/wp-json\/wp\/v2\/types\/page"}],"author":[{"embeddable":true,"href":"https:\/\/recyclmp.fr\/index.php\/wp-json\/wp\/v2\/users\/1"}],"replies":[{"embeddable":true,"href":"https:\/\/recyclmp.fr\/index.php\/wp-json\/wp\/v2\/comments?post=7"}],"version-history":[{"count":5,"href":"https:\/\/recyclmp.fr\/index.php\/wp-json\/wp\/v2\/pages\/7\/revisions"}],"predecessor-version":[{"id":70,"href":"https:\/\/recyclmp.fr\/index.php\/wp-json\/wp\/v2\/pages\/7\/revisions\/70"}],"wp:attachment":[{"href":"https:\/\/recyclmp.fr\/index.php\/wp-json\/wp\/v2\/media?parent=7"}],"curies":[{"name":"wp","href":"https:\/\/api.w.org\/{rel}","templated":true}]}}